{"id":700,"date":"2025-10-27T14:41:44","date_gmt":"2025-10-27T14:41:44","guid":{"rendered":"https:\/\/cartech-aichach.de\/?page_id=700"},"modified":"2025-10-29T08:01:33","modified_gmt":"2025-10-29T08:01:33","slug":"garantieleistungen","status":"publish","type":"page","link":"https:\/\/cartech-aichach.de\/index.php\/garantieleistungen\/","title":{"rendered":"Garantieleistungen"},"content":{"rendered":"<p><strong>Differenzierung und Eingrenzung der Garantieleistungen<\/strong><\/p>\n<p>Unsere freiwillig erweiterte Garantie erstreckt sich nach Ablauf der gesetzlichen Frist um Folgendes:<\/p>\n<p>Im Falle von Haltbarkeitsm\u00e4ngeln tauschen wir die Scheibe entgeltlich aus und ziehen die Kosten f\u00fcr die urspr\u00fcnglich durchgef\u00fchrte Steinschlagreparatur von dem Rechnungsbetrag f\u00fcr den neuen Scheibenaustausch gegen\u00fcber demjenigen, der die Reparatur damals bezahlt hat (Kunde oder Versicherung) ab.<\/p>\n<p>Im Falle von Dichtigkeitsm\u00e4ngeln nach Scheibentausch tragen wir die Kosten der Nachbesserung, jedoch nur bis zur H\u00f6he des dem Kunden urspr\u00fcnglich f\u00fcr die Montage der Neuverglasung in Rechnung gestellten Betrages. Die dar\u00fcberhinausgehenden Kosten der Nachbesserung tr\u00e4gt der Kunde selbst.<\/p>\n<p>Sch\u00e4den sind uns unverz\u00fcglich zu melden und das Nachbesserungsrecht liegt ausschlie\u00dflich bei uns.<\/p>\n","protected":false},"excerpt":{"rendered":"<p>Differenzierung und Eingrenzung der Garantieleistungen Unsere freiwillig erweiterte Garantie erstreckt sich nach Ablauf der gesetzlichen Frist um Folgendes: Im Falle von Haltbarkeitsm\u00e4ngeln tauschen wir die Scheibe entgeltlich aus und ziehen die Kosten f\u00fcr die urspr\u00fcnglich durchgef\u00fchrte Steinschlagreparatur von dem Rechnungsbetrag f\u00fcr den neuen Scheibenaustausch gegen\u00fcber demjenigen, der die Reparatur damals bezahlt hat (Kunde oder Versicherung) [&hellip;]<\/p>\n","protected":false},"author":1,"featured_media":0,"parent":0,"menu_order":0,"comment_status":"closed","ping_status":"closed","template":"","meta":{"_monsterinsights_skip_tracking":false,"_monsterinsights_sitenote_active":false,"_monsterinsights_sitenote_note":"","_monsterinsights_sitenote_category":0,"footnotes":""},"class_list":["post-700","page","type-page","status-publish","hentry"],"yoast_head":"<!-- This site is optimized with the Yoast SEO plugin v27.4 - https:\/\/yoast.com\/product\/yoast-seo-wordpress\/ -->\n<title>Garantieleistungen - Cartech-KS Aichach<\/title>\n<meta name=\"robots\" content=\"index, follow, max-snippet:-1, max-image-preview:large, max-video-preview:-1\" \/>\n<link rel=\"canonical\" href=\"https:\/\/cartech-aichach.de\/index.php\/garantieleistungen\/\" \/>\n<meta property=\"og:locale\" content=\"de_DE\" \/>\n<meta property=\"og:type\" content=\"article\" \/>\n<meta property=\"og:title\" content=\"Garantieleistungen - Cartech-KS Aichach\" \/>\n<meta property=\"og:description\" content=\"Differenzierung und Eingrenzung der Garantieleistungen Unsere freiwillig erweiterte Garantie erstreckt sich nach Ablauf der gesetzlichen Frist um Folgendes: Im Falle von Haltbarkeitsm\u00e4ngeln tauschen wir die Scheibe entgeltlich aus und ziehen die Kosten f\u00fcr die urspr\u00fcnglich durchgef\u00fchrte Steinschlagreparatur von dem Rechnungsbetrag f\u00fcr den neuen Scheibenaustausch gegen\u00fcber demjenigen, der die Reparatur damals bezahlt hat (Kunde oder Versicherung) [&hellip;]\" \/>\n<meta property=\"og:url\" content=\"https:\/\/cartech-aichach.de\/index.php\/garantieleistungen\/\" \/>\n<meta property=\"og:site_name\" content=\"Cartech-KS Aichach\" \/>\n<meta property=\"article:publisher\" content=\"https:\/\/www.facebook.com\/profile.php?id=100054510787218\" \/>\n<meta property=\"article:modified_time\" content=\"2025-10-29T08:01:33+00:00\" \/>\n<meta name=\"twitter:card\" content=\"summary_large_image\" \/>\n<meta name=\"twitter:label1\" content=\"Gesch\u00e4tzte Lesezeit\" \/>\n\t<meta name=\"twitter:data1\" content=\"1\u00a0Minute\" \/>\n<script type=\"application\/ld+json\" class=\"yoast-schema-graph\">{\"@context\":\"https:\\\/\\\/schema.org\",\"@graph\":[{\"@type\":\"WebPage\",\"@id\":\"https:\\\/\\\/cartech-aichach.de\\\/index.php\\\/garantieleistungen\\\/\",\"url\":\"https:\\\/\\\/cartech-aichach.de\\\/index.php\\\/garantieleistungen\\\/\",\"name\":\"Garantieleistungen - Cartech-KS Aichach\",\"isPartOf\":{\"@id\":\"https:\\\/\\\/cartech-aichach.de\\\/#website\"},\"datePublished\":\"2025-10-27T14:41:44+00:00\",\"dateModified\":\"2025-10-29T08:01:33+00:00\",\"breadcrumb\":{\"@id\":\"https:\\\/\\\/cartech-aichach.de\\\/index.php\\\/garantieleistungen\\\/#breadcrumb\"},\"inLanguage\":\"de\",\"potentialAction\":[{\"@type\":\"ReadAction\",\"target\":[\"https:\\\/\\\/cartech-aichach.de\\\/index.php\\\/garantieleistungen\\\/\"]}]},{\"@type\":\"BreadcrumbList\",\"@id\":\"https:\\\/\\\/cartech-aichach.de\\\/index.php\\\/garantieleistungen\\\/#breadcrumb\",\"itemListElement\":[{\"@type\":\"ListItem\",\"position\":1,\"name\":\"Startseite\",\"item\":\"https:\\\/\\\/cartech-aichach.de\\\/index.php\\\/home\\\/\"},{\"@type\":\"ListItem\",\"position\":2,\"name\":\"Garantieleistungen\"}]},{\"@type\":\"WebSite\",\"@id\":\"https:\\\/\\\/cartech-aichach.de\\\/#website\",\"url\":\"https:\\\/\\\/cartech-aichach.de\\\/\",\"name\":\"Cartech-KS Autoglas Aichach\",\"description\":\"KS Autoglaszentrum Aichach\",\"publisher\":{\"@id\":\"https:\\\/\\\/cartech-aichach.de\\\/#organization\"},\"potentialAction\":[{\"@type\":\"SearchAction\",\"target\":{\"@type\":\"EntryPoint\",\"urlTemplate\":\"https:\\\/\\\/cartech-aichach.de\\\/?s={search_term_string}\"},\"query-input\":{\"@type\":\"PropertyValueSpecification\",\"valueRequired\":true,\"valueName\":\"search_term_string\"}}],\"inLanguage\":\"de\"},{\"@type\":\"Organization\",\"@id\":\"https:\\\/\\\/cartech-aichach.de\\\/#organization\",\"name\":\"Cartech-KS Autoglas Aichach\",\"url\":\"https:\\\/\\\/cartech-aichach.de\\\/\",\"logo\":{\"@type\":\"ImageObject\",\"inLanguage\":\"de\",\"@id\":\"https:\\\/\\\/cartech-aichach.de\\\/#\\\/schema\\\/logo\\\/image\\\/\",\"url\":\"https:\\\/\\\/cartech-aichach.de\\\/wp-content\\\/uploads\\\/2024\\\/06\\\/WhatsApp-Bild-2024-06-21-um-09.23.40_acbccc9a.jpg\",\"contentUrl\":\"https:\\\/\\\/cartech-aichach.de\\\/wp-content\\\/uploads\\\/2024\\\/06\\\/WhatsApp-Bild-2024-06-21-um-09.23.40_acbccc9a.jpg\",\"width\":1109,\"height\":806,\"caption\":\"Cartech-KS Autoglas Aichach\"},\"image\":{\"@id\":\"https:\\\/\\\/cartech-aichach.de\\\/#\\\/schema\\\/logo\\\/image\\\/\"},\"sameAs\":[\"https:\\\/\\\/www.facebook.com\\\/profile.php?id=100054510787218\"]}]}<\/script>\n<!-- \/ Yoast SEO plugin. -->","yoast_head_json":{"title":"Garantieleistungen - Cartech-KS Aichach","robots":{"index":"index","follow":"follow","max-snippet":"max-snippet:-1","max-image-preview":"max-image-preview:large","max-video-preview":"max-video-preview:-1"},"canonical":"https:\/\/cartech-aichach.de\/index.php\/garantieleistungen\/","og_locale":"de_DE","og_type":"article","og_title":"Garantieleistungen - Cartech-KS Aichach","og_description":"Differenzierung und Eingrenzung der Garantieleistungen Unsere freiwillig erweiterte Garantie erstreckt sich nach Ablauf der gesetzlichen Frist um Folgendes: Im Falle von Haltbarkeitsm\u00e4ngeln tauschen wir die Scheibe entgeltlich aus und ziehen die Kosten f\u00fcr die urspr\u00fcnglich durchgef\u00fchrte Steinschlagreparatur von dem Rechnungsbetrag f\u00fcr den neuen Scheibenaustausch gegen\u00fcber demjenigen, der die Reparatur damals bezahlt hat (Kunde oder Versicherung) [&hellip;]","og_url":"https:\/\/cartech-aichach.de\/index.php\/garantieleistungen\/","og_site_name":"Cartech-KS Aichach","article_publisher":"https:\/\/www.facebook.com\/profile.php?id=100054510787218","article_modified_time":"2025-10-29T08:01:33+00:00","twitter_card":"summary_large_image","twitter_misc":{"Gesch\u00e4tzte Lesezeit":"1\u00a0Minute"},"schema":{"@context":"https:\/\/schema.org","@graph":[{"@type":"WebPage","@id":"https:\/\/cartech-aichach.de\/index.php\/garantieleistungen\/","url":"https:\/\/cartech-aichach.de\/index.php\/garantieleistungen\/","name":"Garantieleistungen - Cartech-KS Aichach","isPartOf":{"@id":"https:\/\/cartech-aichach.de\/#website"},"datePublished":"2025-10-27T14:41:44+00:00","dateModified":"2025-10-29T08:01:33+00:00","breadcrumb":{"@id":"https:\/\/cartech-aichach.de\/index.php\/garantieleistungen\/#breadcrumb"},"inLanguage":"de","potentialAction":[{"@type":"ReadAction","target":["https:\/\/cartech-aichach.de\/index.php\/garantieleistungen\/"]}]},{"@type":"BreadcrumbList","@id":"https:\/\/cartech-aichach.de\/index.php\/garantieleistungen\/#breadcrumb","itemListElement":[{"@type":"ListItem","position":1,"name":"Startseite","item":"https:\/\/cartech-aichach.de\/index.php\/home\/"},{"@type":"ListItem","position":2,"name":"Garantieleistungen"}]},{"@type":"WebSite","@id":"https:\/\/cartech-aichach.de\/#website","url":"https:\/\/cartech-aichach.de\/","name":"Cartech-KS Autoglas Aichach","description":"KS Autoglaszentrum Aichach","publisher":{"@id":"https:\/\/cartech-aichach.de\/#organization"},"potentialAction":[{"@type":"SearchAction","target":{"@type":"EntryPoint","urlTemplate":"https:\/\/cartech-aichach.de\/?s={search_term_string}"},"query-input":{"@type":"PropertyValueSpecification","valueRequired":true,"valueName":"search_term_string"}}],"inLanguage":"de"},{"@type":"Organization","@id":"https:\/\/cartech-aichach.de\/#organization","name":"Cartech-KS Autoglas Aichach","url":"https:\/\/cartech-aichach.de\/","logo":{"@type":"ImageObject","inLanguage":"de","@id":"https:\/\/cartech-aichach.de\/#\/schema\/logo\/image\/","url":"https:\/\/cartech-aichach.de\/wp-content\/uploads\/2024\/06\/WhatsApp-Bild-2024-06-21-um-09.23.40_acbccc9a.jpg","contentUrl":"https:\/\/cartech-aichach.de\/wp-content\/uploads\/2024\/06\/WhatsApp-Bild-2024-06-21-um-09.23.40_acbccc9a.jpg","width":1109,"height":806,"caption":"Cartech-KS Autoglas Aichach"},"image":{"@id":"https:\/\/cartech-aichach.de\/#\/schema\/logo\/image\/"},"sameAs":["https:\/\/www.facebook.com\/profile.php?id=100054510787218"]}]}},"_links":{"self":[{"href":"https:\/\/cartech-aichach.de\/index.php\/wp-json\/wp\/v2\/pages\/700","targetHints":{"allow":["GET"]}}],"collection":[{"href":"https:\/\/cartech-aichach.de\/index.php\/wp-json\/wp\/v2\/pages"}],"about":[{"href":"https:\/\/cartech-aichach.de\/index.php\/wp-json\/wp\/v2\/types\/page"}],"author":[{"embeddable":true,"href":"https:\/\/cartech-aichach.de\/index.php\/wp-json\/wp\/v2\/users\/1"}],"replies":[{"embeddable":true,"href":"https:\/\/cartech-aichach.de\/index.php\/wp-json\/wp\/v2\/comments?post=700"}],"version-history":[{"count":3,"href":"https:\/\/cartech-aichach.de\/index.php\/wp-json\/wp\/v2\/pages\/700\/revisions"}],"predecessor-version":[{"id":722,"href":"https:\/\/cartech-aichach.de\/index.php\/wp-json\/wp\/v2\/pages\/700\/revisions\/722"}],"wp:attachment":[{"href":"https:\/\/cartech-aichach.de\/index.php\/wp-json\/wp\/v2\/media?parent=700"}],"curies":[{"name":"wp","href":"https:\/\/api.w.org\/{rel}","templated":true}]}}