{"id":616,"date":"2025-06-10T09:49:30","date_gmt":"2025-06-10T09:49:30","guid":{"rendered":"https:\/\/cartech-aichach.de\/?page_id=616"},"modified":"2026-01-21T12:51:53","modified_gmt":"2026-01-21T12:51:53","slug":"faq-ihre-fragen-unsere-antworten","status":"publish","type":"page","link":"https:\/\/cartech-aichach.de\/index.php\/faq-ihre-fragen-unsere-antworten\/","title":{"rendered":"FAQ"},"content":{"rendered":"<section  class='av_textblock_section av-mbqfppts-1ddff9ad086f3f47ed4801cdda904f59 '   itemscope=\"itemscope\" itemtype=\"https:\/\/schema.org\/CreativeWork\" ><div class='avia_textblock'  itemprop=\"text\" ><h3><span style=\"color: #e6007e;\"><strong>FAQ H\u00e4ufig gestellte Fragen&#8230; und unsere Antworten<\/strong><\/span><\/h3>\n<\/div><\/section>\n\n<style type=\"text\/css\" data-created_by=\"avia_inline_auto\" id=\"style-css-av-bg6fs-ca0040350aaddca1859fd02809b975fe\">\n@keyframes av_boxShadowEffect_av-bg6fs-ca0040350aaddca1859fd02809b975fe-column {\n0%   { box-shadow:  0 0 0 0 #eaeaea; opacity: 1; }\n100% { box-shadow:  0 0 10px 0 #eaeaea; opacity: 1; }\n}\n.flex_column.av-bg6fs-ca0040350aaddca1859fd02809b975fe{\nbox-shadow: 0 0 10px 0 #eaeaea;\n}\n<\/style>\n<div  class='flex_column av-bg6fs-ca0040350aaddca1859fd02809b975fe av_one_third  avia-builder-el-1  el_after_av_textblock  el_before_av_one_third  first flex_column_div shadow-not-animated  column-top-margin'     ><section  class='av_textblock_section av-mko0q0zu-5a2e64da1b9c484236d0d3edd317d97f '   itemscope=\"itemscope\" itemtype=\"https:\/\/schema.org\/CreativeWork\" ><div class='avia_textblock'  itemprop=\"text\" ><h3><img loading=\"lazy\" decoding=\"async\" class=\"alignnone wp-image-628 \" src=\"https:\/\/cartech-aichach.de\/wp-content\/uploads\/2025\/06\/question-683251_1280-233x300.jpg\" alt=\"\" width=\"46\" height=\"59\" srcset=\"https:\/\/cartech-aichach.de\/wp-content\/uploads\/2025\/06\/question-683251_1280-233x300.jpg 233w, https:\/\/cartech-aichach.de\/wp-content\/uploads\/2025\/06\/question-683251_1280-800x1030.jpg 800w, https:\/\/cartech-aichach.de\/wp-content\/uploads\/2025\/06\/question-683251_1280-768x989.jpg 768w, https:\/\/cartech-aichach.de\/wp-content\/uploads\/2025\/06\/question-683251_1280-547x705.jpg 547w, https:\/\/cartech-aichach.de\/wp-content\/uploads\/2025\/06\/question-683251_1280.jpg 994w\" sizes=\"auto, (max-width: 46px) 100vw, 46px\" \/>Wie lange dauert eine Scheibenreparatur?<\/h3>\n<p><span style=\"color: #000000;\"><strong>Eine Steinschlagreparatur dauert meist nur 30 Minuten. Danach ist Ihr Fahrzeug wieder einsatzbereit. Der Austausch einer Windschutzscheibe kann bis zu drei Stunden dauern.<\/strong><\/span><\/p>\n<\/div><\/section><\/div><div  class='flex_column av-av_one_third-58a6369d5c19d308284fa729d91312fa av_one_third  avia-builder-el-3  el_after_av_one_third  el_before_av_textblock  flex_column_div  column-top-margin'     ><section  class='av_textblock_section av-mko0vb6w-ad15a1165687a8814e4e4320d762478c '   itemscope=\"itemscope\" itemtype=\"https:\/\/schema.org\/CreativeWork\" ><div class='avia_textblock'  itemprop=\"text\" ><h3><img loading=\"lazy\" decoding=\"async\" class=\"wp-image-628 alignnone\" src=\"https:\/\/cartech-aichach.de\/wp-content\/uploads\/2025\/06\/question-683251_1280-233x300.jpg\" alt=\"\" width=\"46\" height=\"59\" srcset=\"https:\/\/cartech-aichach.de\/wp-content\/uploads\/2025\/06\/question-683251_1280-233x300.jpg 233w, https:\/\/cartech-aichach.de\/wp-content\/uploads\/2025\/06\/question-683251_1280-800x1030.jpg 800w, https:\/\/cartech-aichach.de\/wp-content\/uploads\/2025\/06\/question-683251_1280-768x989.jpg 768w, https:\/\/cartech-aichach.de\/wp-content\/uploads\/2025\/06\/question-683251_1280-547x705.jpg 547w, https:\/\/cartech-aichach.de\/wp-content\/uploads\/2025\/06\/question-683251_1280.jpg 994w\" sizes=\"auto, (max-width: 46px) 100vw, 46px\" \/>Wie schnell muss\u00a0ein Steinschlag repariert werden?<\/h3>\n<p><strong>Ein Steinschlag sollte so schnell wie m\u00f6glich repariert werden, um Ihre eigene Sicherheit nicht zu gef\u00e4hrden.<\/strong><\/p>\n<\/div><\/section><\/div><section  class='av_textblock_section av-mbqchq0x-1b242f7dd07510d5f04559768a26003f '   itemscope=\"itemscope\" itemtype=\"https:\/\/schema.org\/CreativeWork\" ><div class='avia_textblock'  itemprop=\"text\" ><h3><img loading=\"lazy\" decoding=\"async\" class=\"alignnone wp-image-628 \" src=\"https:\/\/cartech-aichach.de\/wp-content\/uploads\/2025\/06\/question-683251_1280-233x300.jpg\" alt=\"\" width=\"46\" height=\"59\" srcset=\"https:\/\/cartech-aichach.de\/wp-content\/uploads\/2025\/06\/question-683251_1280-233x300.jpg 233w, https:\/\/cartech-aichach.de\/wp-content\/uploads\/2025\/06\/question-683251_1280-800x1030.jpg 800w, https:\/\/cartech-aichach.de\/wp-content\/uploads\/2025\/06\/question-683251_1280-768x989.jpg 768w, https:\/\/cartech-aichach.de\/wp-content\/uploads\/2025\/06\/question-683251_1280-547x705.jpg 547w, https:\/\/cartech-aichach.de\/wp-content\/uploads\/2025\/06\/question-683251_1280.jpg 994w\" sizes=\"auto, (max-width: 46px) 100vw, 46px\" \/>Wie lange dauert eine Scheibenreparatur?<\/h3>\n<p><strong><span style=\"color: #000000;\">Eine Steinschlagreparatur dauert meist nur 30 Minuten. Danach ist Ihr Fahrzeug wieder einsatzbereit. Der Austausch einer Windschutzscheibe kann bis zu drei Stunden dauern.<\/span><\/strong><\/p>\n<\/div><\/section><\/p>\n<div  class='hr av-zcy3c-df732e9cf567b92fc3d17206b74b31fd hr-default  avia-builder-el-6  el_after_av_textblock  el_before_av_textblock '><span class='hr-inner '><span class=\"hr-inner-style\"><\/span><\/span><\/div>\n<section  class='av_textblock_section av-mbqcmp7t-b8bdf61fa7673a65b41948a78acc9556 '   itemscope=\"itemscope\" itemtype=\"https:\/\/schema.org\/CreativeWork\" ><div class='avia_textblock'  itemprop=\"text\" ><h3><img loading=\"lazy\" decoding=\"async\" class=\"wp-image-628 alignnone\" src=\"https:\/\/cartech-aichach.de\/wp-content\/uploads\/2025\/06\/question-683251_1280-233x300.jpg\" alt=\"\" width=\"46\" height=\"59\" srcset=\"https:\/\/cartech-aichach.de\/wp-content\/uploads\/2025\/06\/question-683251_1280-233x300.jpg 233w, https:\/\/cartech-aichach.de\/wp-content\/uploads\/2025\/06\/question-683251_1280-800x1030.jpg 800w, https:\/\/cartech-aichach.de\/wp-content\/uploads\/2025\/06\/question-683251_1280-768x989.jpg 768w, https:\/\/cartech-aichach.de\/wp-content\/uploads\/2025\/06\/question-683251_1280-547x705.jpg 547w, https:\/\/cartech-aichach.de\/wp-content\/uploads\/2025\/06\/question-683251_1280.jpg 994w\" sizes=\"auto, (max-width: 46px) 100vw, 46px\" \/>Wie schnell muss\u00a0ein Steinschlag repariert werden?<\/h3>\n<p><strong><span style=\"color: #000000;\">Ein Steinschlag sollte so schnell wie m\u00f6glich repariert werden, um Ihre eigene Sicherheit nicht zu gef\u00e4hrden.<\/span><\/strong><\/p>\n<\/div><\/section>\n<div  class='hr av-ry5xc-a2c43c14d005f48d96b5d3c10557c563 hr-default  avia-builder-el-8  el_after_av_textblock  el_before_av_textblock '><span class='hr-inner '><span class=\"hr-inner-style\"><\/span><\/span><\/div>\n<section  class='av_textblock_section av-mbqctrn7-b0cdb112396fc20e3ab842973ff56ea3 '   itemscope=\"itemscope\" itemtype=\"https:\/\/schema.org\/CreativeWork\" ><div class='avia_textblock'  itemprop=\"text\" ><div class=\"card-body card-body--background-blue\">\n<h3><img loading=\"lazy\" decoding=\"async\" class=\"wp-image-628 alignnone\" src=\"https:\/\/cartech-aichach.de\/wp-content\/uploads\/2025\/06\/question-683251_1280-233x300.jpg\" alt=\"\" width=\"46\" height=\"59\" srcset=\"https:\/\/cartech-aichach.de\/wp-content\/uploads\/2025\/06\/question-683251_1280-233x300.jpg 233w, https:\/\/cartech-aichach.de\/wp-content\/uploads\/2025\/06\/question-683251_1280-800x1030.jpg 800w, https:\/\/cartech-aichach.de\/wp-content\/uploads\/2025\/06\/question-683251_1280-768x989.jpg 768w, https:\/\/cartech-aichach.de\/wp-content\/uploads\/2025\/06\/question-683251_1280-547x705.jpg 547w, https:\/\/cartech-aichach.de\/wp-content\/uploads\/2025\/06\/question-683251_1280.jpg 994w\" sizes=\"auto, (max-width: 46px) 100vw, 46px\" \/>Wann ist eine Reparatur m\u00f6glich?<\/h3>\n<ul class=\"list-normal\">\n<li><strong><span style=\"color: #000000;\">Der Schaden befindet sich au\u00dferhalb vom Sichtfeld des Fahrers<\/span><\/strong><\/li>\n<li><strong><span style=\"color: #000000;\">Die Scheibe hat nicht mehr als zwei Steinschl\u00e4ge<\/span><\/strong><\/li>\n<li><strong><span style=\"color: #000000;\">Der Steinschlag ist kleiner als eine 2 Euro M\u00fcnze<\/span><\/strong><\/li>\n<\/ul>\n<\/div>\n<\/div><\/section>\n<div  class='hr av-ka2vs-30b655d3413d7edcda96e1199c97122b hr-default  avia-builder-el-10  el_after_av_textblock  el_before_av_textblock '><span class='hr-inner '><span class=\"hr-inner-style\"><\/span><\/span><\/div>\n<section  class='av_textblock_section av-mbqcuopw-cd726a3735f7f9e358f64442ebc8bd33 '   itemscope=\"itemscope\" itemtype=\"https:\/\/schema.org\/CreativeWork\" ><div class='avia_textblock'  itemprop=\"text\" ><div class=\"card-body card-body--background-blue\">\n<h3><img loading=\"lazy\" decoding=\"async\" class=\"alignnone wp-image-628 \" src=\"https:\/\/cartech-aichach.de\/wp-content\/uploads\/2025\/06\/question-683251_1280-233x300.jpg\" alt=\"\" width=\"46\" height=\"59\" srcset=\"https:\/\/cartech-aichach.de\/wp-content\/uploads\/2025\/06\/question-683251_1280-233x300.jpg 233w, https:\/\/cartech-aichach.de\/wp-content\/uploads\/2025\/06\/question-683251_1280-800x1030.jpg 800w, https:\/\/cartech-aichach.de\/wp-content\/uploads\/2025\/06\/question-683251_1280-768x989.jpg 768w, https:\/\/cartech-aichach.de\/wp-content\/uploads\/2025\/06\/question-683251_1280-547x705.jpg 547w, https:\/\/cartech-aichach.de\/wp-content\/uploads\/2025\/06\/question-683251_1280.jpg 994w\" sizes=\"auto, (max-width: 46px) 100vw, 46px\" \/>Wann wird ein Austausch notwendig?<\/h3>\n<ul class=\"list-normal\">\n<li><strong><span style=\"color: #000000;\">Der Schaden befindet sich im Fahrersichtfeld<\/span><\/strong><\/li>\n<li><strong><span style=\"color: #000000;\">Die Scheibe hat einen Riss<\/span><\/strong><\/li>\n<li><strong><span style=\"color: #000000;\">Der Schaden ist gr\u00f6\u00dfer als eine 2 Euro M\u00fcnze<\/span><\/strong><\/li>\n<li><strong><span style=\"color: #000000;\">Auf der Scheibe befinden sich mehr als 2 Steinschl\u00e4ge<\/span><\/strong><\/li>\n<\/ul>\n<\/div>\n<\/div><\/section>\n<div  class='hr av-dxksw-ba167b8065fd05f3c563813ec5ed83db hr-default  avia-builder-el-12  el_after_av_textblock  el_before_av_textblock '><span class='hr-inner '><span class=\"hr-inner-style\"><\/span><\/span><\/div>\n<section  class='av_textblock_section av-mbqcgw5n-f9f8523551c891fe84a462a31babbd08 '   itemscope=\"itemscope\" itemtype=\"https:\/\/schema.org\/CreativeWork\" ><div class='avia_textblock'  itemprop=\"text\" ><div class=\"cms-host-container-wrapper mb-12\">\n<div class=\"m-auto block w-full max-w-[1200px]\" data-cy=\"h1-headline-wrapper\">\n<h3><img loading=\"lazy\" decoding=\"async\" class=\"alignnone wp-image-628 \" src=\"https:\/\/cartech-aichach.de\/wp-content\/uploads\/2025\/06\/question-683251_1280-233x300.jpg\" alt=\"\" width=\"46\" height=\"59\" srcset=\"https:\/\/cartech-aichach.de\/wp-content\/uploads\/2025\/06\/question-683251_1280-233x300.jpg 233w, https:\/\/cartech-aichach.de\/wp-content\/uploads\/2025\/06\/question-683251_1280-800x1030.jpg 800w, https:\/\/cartech-aichach.de\/wp-content\/uploads\/2025\/06\/question-683251_1280-768x989.jpg 768w, https:\/\/cartech-aichach.de\/wp-content\/uploads\/2025\/06\/question-683251_1280-547x705.jpg 547w, https:\/\/cartech-aichach.de\/wp-content\/uploads\/2025\/06\/question-683251_1280.jpg 994w\" sizes=\"auto, (max-width: 46px) 100vw, 46px\" \/>Frontscheibe wechseln: Wie lange dauert der Austausch?<\/h3>\n<\/div>\n<\/div>\n<div class=\"cms-host-container-wrapper mb-16 t:mb-20\">\n<div class=\"w-full max-w-container\">\n<div class=\"mx-auto d:mx-0\">\n<div class=\"column-1 gap-12 d:columns-2 column-wrapper--column-number-1\" data-cy=\"column-wrapper--column-number-1\">\n<div class=\"font-roboto text-base text-cg-anthracite\" data-cy=\"richtext\">\n<p><strong><span style=\"color: #000000;\">Der komplette Austausch einer Scheibe dauert l\u00e4nger als eine kleine Steinschlagreparatur. Standardm\u00e4\u00dfig ben\u00f6tigen unsere Experten bis zu drei Stunden f\u00fcr einen Frontscheibenwechsel. Smarte Fahrerassistenzsysteme an modernen Fahrzeugen erfordern zudem noch eine exakte Kalibrierung nach dem Scheibenaustausch, was die Dauer des Scheibenwechsels zus\u00e4tzlich erh\u00f6ht.<\/span><\/strong><\/p>\n<\/div>\n<\/div>\n<\/div>\n<\/div>\n<\/div>\n<\/div><\/section>\n<div  class='hr av-b2rew-ebbbb79190ab5ac57d2463eb83cb024e hr-default  avia-builder-el-14  el_after_av_textblock  el_before_av_textblock '><span class='hr-inner '><span class=\"hr-inner-style\"><\/span><\/span><\/div>\n<section  class='av_textblock_section av-mbqco8tp-51616943caf98edf7f018d32d08d2eaf '   itemscope=\"itemscope\" itemtype=\"https:\/\/schema.org\/CreativeWork\" ><div class='avia_textblock'  itemprop=\"text\" ><h3><img loading=\"lazy\" decoding=\"async\" class=\"alignnone wp-image-628 \" src=\"https:\/\/cartech-aichach.de\/wp-content\/uploads\/2025\/06\/question-683251_1280-233x300.jpg\" alt=\"\" width=\"46\" height=\"59\" srcset=\"https:\/\/cartech-aichach.de\/wp-content\/uploads\/2025\/06\/question-683251_1280-233x300.jpg 233w, https:\/\/cartech-aichach.de\/wp-content\/uploads\/2025\/06\/question-683251_1280-800x1030.jpg 800w, https:\/\/cartech-aichach.de\/wp-content\/uploads\/2025\/06\/question-683251_1280-768x989.jpg 768w, https:\/\/cartech-aichach.de\/wp-content\/uploads\/2025\/06\/question-683251_1280-547x705.jpg 547w, https:\/\/cartech-aichach.de\/wp-content\/uploads\/2025\/06\/question-683251_1280.jpg 994w\" sizes=\"auto, (max-width: 46px) 100vw, 46px\" \/>Wer k\u00fcmmert sich um die Abrechnung mit der Versicherung?<\/h3>\n<p><strong><span style=\"color: #000000;\">Machen Sie sich keine Sorgen \u2013 wir \u00fcbernehmen die direkte Abwicklung mit Ihrer Versicherung f\u00fcr Sie.<\/span><\/strong><\/p>\n<\/div><\/section>\n","protected":false},"excerpt":{"rendered":"","protected":false},"author":1,"featured_media":0,"parent":0,"menu_order":0,"comment_status":"closed","ping_status":"closed","template":"","meta":{"_monsterinsights_skip_tracking":false,"_monsterinsights_sitenote_active":false,"_monsterinsights_sitenote_note":"","_monsterinsights_sitenote_category":0,"footnotes":""},"class_list":["post-616","page","type-page","status-publish","hentry"],"yoast_head":"<!-- This site is optimized with the Yoast SEO plugin v27.4 - https:\/\/yoast.com\/product\/yoast-seo-wordpress\/ -->\n<title>FAQ - Cartech-KS Aichach<\/title>\n<meta name=\"description\" content=\"FAQ H\u00e4ufig gestellte Fragen\" \/>\n<meta name=\"robots\" content=\"index, follow, max-snippet:-1, max-image-preview:large, max-video-preview:-1\" \/>\n<link rel=\"canonical\" href=\"https:\/\/cartech-aichach.de\/index.php\/faq-ihre-fragen-unsere-antworten\/\" \/>\n<meta property=\"og:locale\" content=\"de_DE\" \/>\n<meta property=\"og:type\" content=\"article\" \/>\n<meta property=\"og:title\" content=\"FAQ - Cartech-KS Aichach\" \/>\n<meta property=\"og:description\" content=\"FAQ H\u00e4ufig gestellte Fragen\" \/>\n<meta property=\"og:url\" content=\"https:\/\/cartech-aichach.de\/index.php\/faq-ihre-fragen-unsere-antworten\/\" \/>\n<meta property=\"og:site_name\" content=\"Cartech-KS Aichach\" \/>\n<meta property=\"article:publisher\" content=\"https:\/\/www.facebook.com\/profile.php?id=100054510787218\" \/>\n<meta property=\"article:modified_time\" content=\"2026-01-21T12:51:53+00:00\" \/>\n<meta property=\"og:image\" content=\"https:\/\/cartech-aichach.de\/wp-content\/uploads\/2025\/06\/question-683251_1280.jpg\" \/>\n\t<meta property=\"og:image:width\" content=\"994\" \/>\n\t<meta property=\"og:image:height\" content=\"1280\" \/>\n\t<meta property=\"og:image:type\" content=\"image\/jpeg\" \/>\n<meta name=\"twitter:card\" content=\"summary_large_image\" \/>\n<script type=\"application\/ld+json\" class=\"yoast-schema-graph\">{\"@context\":\"https:\\\/\\\/schema.org\",\"@graph\":[{\"@type\":\"WebPage\",\"@id\":\"https:\\\/\\\/cartech-aichach.de\\\/index.php\\\/faq-ihre-fragen-unsere-antworten\\\/\",\"url\":\"https:\\\/\\\/cartech-aichach.de\\\/index.php\\\/faq-ihre-fragen-unsere-antworten\\\/\",\"name\":\"FAQ - Cartech-KS Aichach\",\"isPartOf\":{\"@id\":\"https:\\\/\\\/cartech-aichach.de\\\/#website\"},\"primaryImageOfPage\":{\"@id\":\"https:\\\/\\\/cartech-aichach.de\\\/index.php\\\/faq-ihre-fragen-unsere-antworten\\\/#primaryimage\"},\"image\":{\"@id\":\"https:\\\/\\\/cartech-aichach.de\\\/index.php\\\/faq-ihre-fragen-unsere-antworten\\\/#primaryimage\"},\"thumbnailUrl\":\"https:\\\/\\\/cartech-aichach.de\\\/wp-content\\\/uploads\\\/2025\\\/06\\\/question-683251_1280-233x300.jpg\",\"datePublished\":\"2025-06-10T09:49:30+00:00\",\"dateModified\":\"2026-01-21T12:51:53+00:00\",\"description\":\"FAQ H\u00e4ufig gestellte Fragen\",\"breadcrumb\":{\"@id\":\"https:\\\/\\\/cartech-aichach.de\\\/index.php\\\/faq-ihre-fragen-unsere-antworten\\\/#breadcrumb\"},\"inLanguage\":\"de\",\"potentialAction\":[{\"@type\":\"ReadAction\",\"target\":[\"https:\\\/\\\/cartech-aichach.de\\\/index.php\\\/faq-ihre-fragen-unsere-antworten\\\/\"]}]},{\"@type\":\"ImageObject\",\"inLanguage\":\"de\",\"@id\":\"https:\\\/\\\/cartech-aichach.de\\\/index.php\\\/faq-ihre-fragen-unsere-antworten\\\/#primaryimage\",\"url\":\"https:\\\/\\\/cartech-aichach.de\\\/wp-content\\\/uploads\\\/2025\\\/06\\\/question-683251_1280.jpg\",\"contentUrl\":\"https:\\\/\\\/cartech-aichach.de\\\/wp-content\\\/uploads\\\/2025\\\/06\\\/question-683251_1280.jpg\",\"width\":994,\"height\":1280},{\"@type\":\"BreadcrumbList\",\"@id\":\"https:\\\/\\\/cartech-aichach.de\\\/index.php\\\/faq-ihre-fragen-unsere-antworten\\\/#breadcrumb\",\"itemListElement\":[{\"@type\":\"ListItem\",\"position\":1,\"name\":\"Startseite\",\"item\":\"https:\\\/\\\/cartech-aichach.de\\\/index.php\\\/home\\\/\"},{\"@type\":\"ListItem\",\"position\":2,\"name\":\"FAQ\"}]},{\"@type\":\"WebSite\",\"@id\":\"https:\\\/\\\/cartech-aichach.de\\\/#website\",\"url\":\"https:\\\/\\\/cartech-aichach.de\\\/\",\"name\":\"Cartech-KS Autoglas Aichach\",\"description\":\"KS Autoglaszentrum Aichach\",\"publisher\":{\"@id\":\"https:\\\/\\\/cartech-aichach.de\\\/#organization\"},\"potentialAction\":[{\"@type\":\"SearchAction\",\"target\":{\"@type\":\"EntryPoint\",\"urlTemplate\":\"https:\\\/\\\/cartech-aichach.de\\\/?s={search_term_string}\"},\"query-input\":{\"@type\":\"PropertyValueSpecification\",\"valueRequired\":true,\"valueName\":\"search_term_string\"}}],\"inLanguage\":\"de\"},{\"@type\":\"Organization\",\"@id\":\"https:\\\/\\\/cartech-aichach.de\\\/#organization\",\"name\":\"Cartech-KS Autoglas Aichach\",\"url\":\"https:\\\/\\\/cartech-aichach.de\\\/\",\"logo\":{\"@type\":\"ImageObject\",\"inLanguage\":\"de\",\"@id\":\"https:\\\/\\\/cartech-aichach.de\\\/#\\\/schema\\\/logo\\\/image\\\/\",\"url\":\"https:\\\/\\\/cartech-aichach.de\\\/wp-content\\\/uploads\\\/2024\\\/06\\\/WhatsApp-Bild-2024-06-21-um-09.23.40_acbccc9a.jpg\",\"contentUrl\":\"https:\\\/\\\/cartech-aichach.de\\\/wp-content\\\/uploads\\\/2024\\\/06\\\/WhatsApp-Bild-2024-06-21-um-09.23.40_acbccc9a.jpg\",\"width\":1109,\"height\":806,\"caption\":\"Cartech-KS Autoglas Aichach\"},\"image\":{\"@id\":\"https:\\\/\\\/cartech-aichach.de\\\/#\\\/schema\\\/logo\\\/image\\\/\"},\"sameAs\":[\"https:\\\/\\\/www.facebook.com\\\/profile.php?id=100054510787218\"]}]}<\/script>\n<!-- \/ Yoast SEO plugin. -->","yoast_head_json":{"title":"FAQ - Cartech-KS Aichach","description":"FAQ H\u00e4ufig gestellte Fragen","robots":{"index":"index","follow":"follow","max-snippet":"max-snippet:-1","max-image-preview":"max-image-preview:large","max-video-preview":"max-video-preview:-1"},"canonical":"https:\/\/cartech-aichach.de\/index.php\/faq-ihre-fragen-unsere-antworten\/","og_locale":"de_DE","og_type":"article","og_title":"FAQ - Cartech-KS Aichach","og_description":"FAQ H\u00e4ufig gestellte Fragen","og_url":"https:\/\/cartech-aichach.de\/index.php\/faq-ihre-fragen-unsere-antworten\/","og_site_name":"Cartech-KS Aichach","article_publisher":"https:\/\/www.facebook.com\/profile.php?id=100054510787218","article_modified_time":"2026-01-21T12:51:53+00:00","og_image":[{"width":994,"height":1280,"url":"https:\/\/cartech-aichach.de\/wp-content\/uploads\/2025\/06\/question-683251_1280.jpg","type":"image\/jpeg"}],"twitter_card":"summary_large_image","schema":{"@context":"https:\/\/schema.org","@graph":[{"@type":"WebPage","@id":"https:\/\/cartech-aichach.de\/index.php\/faq-ihre-fragen-unsere-antworten\/","url":"https:\/\/cartech-aichach.de\/index.php\/faq-ihre-fragen-unsere-antworten\/","name":"FAQ - Cartech-KS Aichach","isPartOf":{"@id":"https:\/\/cartech-aichach.de\/#website"},"primaryImageOfPage":{"@id":"https:\/\/cartech-aichach.de\/index.php\/faq-ihre-fragen-unsere-antworten\/#primaryimage"},"image":{"@id":"https:\/\/cartech-aichach.de\/index.php\/faq-ihre-fragen-unsere-antworten\/#primaryimage"},"thumbnailUrl":"https:\/\/cartech-aichach.de\/wp-content\/uploads\/2025\/06\/question-683251_1280-233x300.jpg","datePublished":"2025-06-10T09:49:30+00:00","dateModified":"2026-01-21T12:51:53+00:00","description":"FAQ H\u00e4ufig gestellte Fragen","breadcrumb":{"@id":"https:\/\/cartech-aichach.de\/index.php\/faq-ihre-fragen-unsere-antworten\/#breadcrumb"},"inLanguage":"de","potentialAction":[{"@type":"ReadAction","target":["https:\/\/cartech-aichach.de\/index.php\/faq-ihre-fragen-unsere-antworten\/"]}]},{"@type":"ImageObject","inLanguage":"de","@id":"https:\/\/cartech-aichach.de\/index.php\/faq-ihre-fragen-unsere-antworten\/#primaryimage","url":"https:\/\/cartech-aichach.de\/wp-content\/uploads\/2025\/06\/question-683251_1280.jpg","contentUrl":"https:\/\/cartech-aichach.de\/wp-content\/uploads\/2025\/06\/question-683251_1280.jpg","width":994,"height":1280},{"@type":"BreadcrumbList","@id":"https:\/\/cartech-aichach.de\/index.php\/faq-ihre-fragen-unsere-antworten\/#breadcrumb","itemListElement":[{"@type":"ListItem","position":1,"name":"Startseite","item":"https:\/\/cartech-aichach.de\/index.php\/home\/"},{"@type":"ListItem","position":2,"name":"FAQ"}]},{"@type":"WebSite","@id":"https:\/\/cartech-aichach.de\/#website","url":"https:\/\/cartech-aichach.de\/","name":"Cartech-KS Autoglas Aichach","description":"KS Autoglaszentrum Aichach","publisher":{"@id":"https:\/\/cartech-aichach.de\/#organization"},"potentialAction":[{"@type":"SearchAction","target":{"@type":"EntryPoint","urlTemplate":"https:\/\/cartech-aichach.de\/?s={search_term_string}"},"query-input":{"@type":"PropertyValueSpecification","valueRequired":true,"valueName":"search_term_string"}}],"inLanguage":"de"},{"@type":"Organization","@id":"https:\/\/cartech-aichach.de\/#organization","name":"Cartech-KS Autoglas Aichach","url":"https:\/\/cartech-aichach.de\/","logo":{"@type":"ImageObject","inLanguage":"de","@id":"https:\/\/cartech-aichach.de\/#\/schema\/logo\/image\/","url":"https:\/\/cartech-aichach.de\/wp-content\/uploads\/2024\/06\/WhatsApp-Bild-2024-06-21-um-09.23.40_acbccc9a.jpg","contentUrl":"https:\/\/cartech-aichach.de\/wp-content\/uploads\/2024\/06\/WhatsApp-Bild-2024-06-21-um-09.23.40_acbccc9a.jpg","width":1109,"height":806,"caption":"Cartech-KS Autoglas Aichach"},"image":{"@id":"https:\/\/cartech-aichach.de\/#\/schema\/logo\/image\/"},"sameAs":["https:\/\/www.facebook.com\/profile.php?id=100054510787218"]}]}},"_links":{"self":[{"href":"https:\/\/cartech-aichach.de\/index.php\/wp-json\/wp\/v2\/pages\/616","targetHints":{"allow":["GET"]}}],"collection":[{"href":"https:\/\/cartech-aichach.de\/index.php\/wp-json\/wp\/v2\/pages"}],"about":[{"href":"https:\/\/cartech-aichach.de\/index.php\/wp-json\/wp\/v2\/types\/page"}],"author":[{"embeddable":true,"href":"https:\/\/cartech-aichach.de\/index.php\/wp-json\/wp\/v2\/users\/1"}],"replies":[{"embeddable":true,"href":"https:\/\/cartech-aichach.de\/index.php\/wp-json\/wp\/v2\/comments?post=616"}],"version-history":[{"count":18,"href":"https:\/\/cartech-aichach.de\/index.php\/wp-json\/wp\/v2\/pages\/616\/revisions"}],"predecessor-version":[{"id":820,"href":"https:\/\/cartech-aichach.de\/index.php\/wp-json\/wp\/v2\/pages\/616\/revisions\/820"}],"wp:attachment":[{"href":"https:\/\/cartech-aichach.de\/index.php\/wp-json\/wp\/v2\/media?parent=616"}],"curies":[{"name":"wp","href":"https:\/\/api.w.org\/{rel}","templated":true}]}}